{"id":169,"date":"2025-10-19T19:43:07","date_gmt":"2025-10-19T17:43:07","guid":{"rendered":"https:\/\/staging.fondation-robmar.ch\/?page_id=169"},"modified":"2025-11-22T22:16:11","modified_gmt":"2025-11-22T20:16:11","slug":"spenden","status":"publish","type":"page","link":"https:\/\/fondation-robmar.ch\/de\/spenden\/","title":{"rendered":"Spenden"},"content":{"rendered":"<div class=\"wp-block-group has-global-padding is-layout-constrained wp-block-group-is-layout-constrained\">\n<div class=\"wp-block-columns alignwide is-layout-flex wp-container-core-columns-is-layout-28f84493 wp-block-columns-is-layout-flex\">\n<div class=\"wp-block-column is-vertically-aligned-center is-layout-flow wp-block-column-is-layout-flow\" style=\"flex-basis:40%\">\n<figure class=\"wp-block-image size-full has-custom-border is-style-default\"><img data-dominant-color=\"979797\" data-has-transparency=\"false\" alt=\"\" loading=\"lazy\" decoding=\"async\" width=\"559\" height=\"850\" sizes=\"auto, (max-width: 307px) 100vw, 307px\" src=\"https:\/\/fondation-robmar.ch\/wp-content\/uploads\/2025\/10\/DonationBackgroundCropped.jpg\" class=\"has-border-color wp-image-173 not-transparent\" style=\"--dominant-color: #979797; border-color:#f8f9fa;border-width:1px;border-radius:16px;object-fit:cover\" srcset=\"https:\/\/fondation-robmar.ch\/wp-content\/uploads\/2025\/10\/DonationBackgroundCropped.jpg 559w, https:\/\/fondation-robmar.ch\/wp-content\/uploads\/2025\/10\/DonationBackgroundCropped-197x300.jpg 197w\" \/><\/figure>\n<\/div>\n\n\n\n<div class=\"wp-block-column is-vertically-aligned-center is-layout-flow wp-block-column-is-layout-flow\" style=\"flex-basis:60%\">\n<div class=\"wp-block-group is-vertical is-content-justification-center is-nowrap is-layout-flex wp-container-core-group-is-layout-f76fb66e wp-block-group-is-layout-flex\" style=\"padding-top:var(--wp--preset--spacing--30);padding-right:var(--wp--preset--spacing--30);padding-bottom:var(--wp--preset--spacing--30);padding-left:var(--wp--preset--spacing--30)\">\n<p class=\"has-text-align-center\">Beg\u00fcnstigter: <strong>Fondation Robmar <\/strong><br>Konto: <strong>R-670.755 <\/strong><br>IBAN: <strong>CH58 087550670 7550 0100 <\/strong><br>Bank: <strong>Pictet &amp; Cie, Gen\u00e8ve<\/strong><\/p>\n\n\n\n<figure class=\"wp-block-pullquote\"><blockquote><p><strong>Vielen Dank f\u00fcr Ihre Spende<\/strong><\/p><cite><strong>Spenden sind in der Schweiz steuerlich absetzbar<\/strong><\/cite><\/blockquote><\/figure>\n\n\n\n<p class=\"has-text-align-center\"><mark style=\"background-color:rgba(0, 0, 0, 0)\" class=\"has-inline-color has-custom-brand-green-color\"><strong>rob<\/strong><\/mark><mark style=\"background-color:rgba(0, 0, 0, 0)\" class=\"has-inline-color has-custom-brand-red-color\"><strong>mar<\/strong><\/mark> lehnt private finanzielle Beihilfeantr\u00e4ge prinzipiell ab.<\/p>\n<\/div>\n<\/div>\n<\/div>\n<\/div>","protected":false},"excerpt":{"rendered":"<p>Beg\u00fcnstigter: Fondation Robmar Konto: R-670.755 IBAN: CH58 087550670 7550 0100 Bank: Pictet &amp; Cie, Gen\u00e8ve Vielen Dank f\u00fcr Ihre Spende Spenden sind in der Schweiz steuerlich absetzbar robmar lehnt jegliche Anfragen f\u00fcr private finanzielle Unterst\u00fctzung ab<\/p>","protected":false},"author":1,"featured_media":173,"parent":0,"menu_order":0,"comment_status":"closed","ping_status":"closed","template":"wp-custom-template-pages-no-banner","meta":{"_seopress_robots_primary_cat":"","_seopress_titles_title":"","_seopress_titles_desc":"","_seopress_robots_index":"","footnotes":""},"class_list":["post-169","page","type-page","status-publish","has-post-thumbnail","hentry"],"_links":{"self":[{"href":"https:\/\/fondation-robmar.ch\/de\/wp-json\/wp\/v2\/pages\/169","targetHints":{"allow":["GET"]}}],"collection":[{"href":"https:\/\/fondation-robmar.ch\/de\/wp-json\/wp\/v2\/pages"}],"about":[{"href":"https:\/\/fondation-robmar.ch\/de\/wp-json\/wp\/v2\/types\/page"}],"author":[{"embeddable":true,"href":"https:\/\/fondation-robmar.ch\/de\/wp-json\/wp\/v2\/users\/1"}],"replies":[{"embeddable":true,"href":"https:\/\/fondation-robmar.ch\/de\/wp-json\/wp\/v2\/comments?post=169"}],"version-history":[{"count":16,"href":"https:\/\/fondation-robmar.ch\/de\/wp-json\/wp\/v2\/pages\/169\/revisions"}],"predecessor-version":[{"id":526,"href":"https:\/\/fondation-robmar.ch\/de\/wp-json\/wp\/v2\/pages\/169\/revisions\/526"}],"wp:featuredmedia":[{"embeddable":true,"href":"https:\/\/fondation-robmar.ch\/de\/wp-json\/wp\/v2\/media\/173"}],"wp:attachment":[{"href":"https:\/\/fondation-robmar.ch\/de\/wp-json\/wp\/v2\/media?parent=169"}],"curies":[{"name":"wp","href":"https:\/\/api.w.org\/{rel}","templated":true}]}}