{"id":2,"date":"2025-09-21T17:35:31","date_gmt":"2025-09-21T17:35:31","guid":{"rendered":"https:\/\/staging.fondation-robmar.ch\/?page_id=2"},"modified":"2025-12-05T21:19:16","modified_gmt":"2025-12-05T19:19:16","slug":"sample-page","status":"publish","type":"page","link":"https:\/\/fondation-robmar.ch\/de\/","title":{"rendered":"Willkommen"},"content":{"rendered":"<div class=\"wp-block-group has-global-padding is-content-justification-center is-layout-constrained wp-block-group-is-layout-constrained\" style=\"margin-top:var(--wp--preset--spacing--40)\">\n<figure class=\"wp-block-pullquote\"><blockquote><p><mark style=\"background-color:rgba(0, 0, 0, 0)\" class=\"has-inline-color has-custom-brand-green-color\"><strong>rob<\/strong><\/mark><mark style=\"background-color:rgba(0, 0, 0, 0)\" class=\"has-inline-color has-custom-brand-red-color\"><strong>mar<\/strong><\/mark> ist die Realisation eines Traumes zu Ehren meiner verstorbenen Eltern.<\/p><\/blockquote><\/figure>\n\n\n\n<div class=\"wp-block-columns are-vertically-aligned-center is-layout-flex wp-container-core-columns-is-layout-0884d4d2 wp-block-columns-is-layout-flex\" style=\"margin-top:var(--wp--preset--spacing--50);margin-bottom:var(--wp--preset--spacing--50)\">\n<div class=\"wp-block-column is-vertically-aligned-center is-layout-flow wp-block-column-is-layout-flow\" style=\"flex-basis:50%\">\n<figure class=\"wp-block-image aligncenter size-full is-resized is-style-rounded\"><img data-dominant-color=\"857a6a\" data-has-transparency=\"false\" loading=\"lazy\" decoding=\"async\" width=\"596\" height=\"795\" sizes=\"auto, (max-width: 266px) 100vw, 266px\" src=\"https:\/\/fondation-robmar.ch\/wp-content\/uploads\/2025\/11\/Robert-unsmushed-edited.jpg\" alt=\"Robert und sein Hund\" class=\"wp-image-487 not-transparent\" style=\"--dominant-color: #857a6a; box-shadow:6px 6px 9px rgba(0, 0, 0, 0.2);aspect-ratio:0.75;object-fit:cover;width:266px;height:auto\" srcset=\"https:\/\/fondation-robmar.ch\/wp-content\/uploads\/2025\/11\/Robert-unsmushed-edited.jpg 596w, https:\/\/fondation-robmar.ch\/wp-content\/uploads\/2025\/11\/Robert-unsmushed-edited-225x300.jpg 225w\" \/><\/figure>\n<\/div>\n\n\n\n<div class=\"wp-block-column is-vertically-aligned-center is-layout-flow wp-block-column-is-layout-flow\" style=\"flex-basis:50%\">\n<figure class=\"wp-block-image aligncenter size-full is-resized is-style-rounded\"><img data-dominant-color=\"94918c\" data-has-transparency=\"false\" loading=\"lazy\" decoding=\"async\" width=\"566\" height=\"475\" sizes=\"auto, (max-width: 250px) 100vw, 250px\" src=\"https:\/\/fondation-robmar.ch\/wp-content\/uploads\/2025\/09\/3-Fondation-Mami-et-Poika.jpg\" alt=\"Marie mit ihrem Hund Poika\" class=\"wp-image-47 not-transparent\" style=\"--dominant-color: #94918c; box-shadow:6px 6px 9px rgba(0, 0, 0, 0.2);width:250px\" srcset=\"https:\/\/fondation-robmar.ch\/wp-content\/uploads\/2025\/09\/3-Fondation-Mami-et-Poika.jpg 566w, https:\/\/fondation-robmar.ch\/wp-content\/uploads\/2025\/09\/3-Fondation-Mami-et-Poika-300x252.jpg 300w\" \/><\/figure>\n\n\n\n<p class=\"has-text-align-center large-on-desktop-only has-body-alt-color has-text-color has-link-color has-playfair-display-font-family wp-elements-9d023dce99088831b8d321b88e9ea17d\" style=\"font-style:italic;font-weight:700;letter-spacing:3px;line-height:1.9\"><mark style=\"background-color:rgba(0, 0, 0, 0)\" class=\"has-inline-color has-custom-brand-green-color\">ROB<\/mark>ert und <mark style=\"background-color:rgba(0, 0, 0, 0)\" class=\"has-inline-color has-custom-brand-red-color\">MAR<\/mark>ie-Louise<\/p>\n<\/div>\n<\/div>\n\n\n\n<p>Ich wollte eine Stiftung gr\u00fcnden, die den Wert der besonderen Bindung zwischen Mensch und Tier anerkennt.\nUnser Ziel ist es, Organisationen zu f\u00f6rdern und zu unterst\u00fctzen, die diese bemerkenswerte Bindung nutzen, um sich f\u00fcr Menschen mit k\u00f6rperlichen oder gesundheitlichen Einschr\u00e4nkungen einzusetzen.<\/p>\n<\/div>\n\n\n\n<div class=\"wp-block-group has-global-padding is-layout-constrained wp-block-group-is-layout-constrained\">\n<figure class=\"wp-block-pullquote is-style-default\" style=\"margin-top:var(--wp--preset--spacing--40);margin-bottom:var(--wp--preset--spacing--40)\"><blockquote><p><mark style=\"background-color:rgba(0, 0, 0, 0)\" class=\"has-inline-color has-custom-brand-green-color\">rob<\/mark><mark style=\"background-color:rgba(0, 0, 0, 0)\" class=\"has-inline-color has-custom-brand-red-color\">mar<\/mark> , die Stiftung welche die Beziehung Mensch-Tier wertsch\u00e4tzt.<\/p><\/blockquote><\/figure>\n\n\n\n<div class=\"wp-block-group is-layout-flow wp-block-group-is-layout-flow\">\n<figure class=\"wp-block-image aligncenter size-full is-resized is-style-rounded\"><img data-dominant-color=\"9b6152\" data-has-transparency=\"false\" alt=\"\" loading=\"lazy\" decoding=\"async\" width=\"551\" height=\"734\" sizes=\"auto, (max-width: 350px) 100vw, 350px\" src=\"https:\/\/fondation-robmar.ch\/wp-content\/uploads\/2025\/12\/portrait_marie_christine-e1764962292419-edited.webp\" class=\"wp-image-511 not-transparent\" style=\"--dominant-color: #9b6152; aspect-ratio:3\/4;object-fit:cover;width:350px\" srcset=\"https:\/\/fondation-robmar.ch\/wp-content\/uploads\/2025\/12\/portrait_marie_christine-e1764962292419-edited.webp 551w, https:\/\/fondation-robmar.ch\/wp-content\/uploads\/2025\/12\/portrait_marie_christine-e1764962292419-edited-225x300.webp 225w\" \/><figcaption class=\"wp-element-caption\">Marie-Christine Jaeger-Firmenich<\/figcaption><\/figure>\n\n\n\n<figure class=\"wp-block-image aligncenter size-full is-resized\"><img data-dominant-color=\"5e5e5e\" data-has-transparency=\"true\" alt=\"\" loading=\"lazy\" decoding=\"async\" width=\"507\" height=\"285\" sizes=\"auto, (max-width: 226px) 100vw, 226px\" src=\"https:\/\/fondation-robmar.ch\/wp-content\/uploads\/2025\/11\/MCJ_Signature-edited.png\" class=\"wp-image-486 has-transparency\" style=\"--dominant-color: #5e5e5e; width:226px;height:auto\" srcset=\"https:\/\/fondation-robmar.ch\/wp-content\/uploads\/2025\/11\/MCJ_Signature-edited.png 507w, https:\/\/fondation-robmar.ch\/wp-content\/uploads\/2025\/11\/MCJ_Signature-edited-300x169.png 300w\" \/><\/figure>\n<\/div>\n<\/div>","protected":false},"excerpt":{"rendered":"<p>robmar is the realization of a dream to honour the memory of my parents. ROBert and MARie-Louise I wanted to create a foundation recognizing the value of the special bond between humans and animals. Our focus is to encourage and support organisations using this remarkable bond to work for the benefit of people with special [&hellip;]<\/p>\n","protected":false},"author":1,"featured_media":357,"parent":0,"menu_order":1,"comment_status":"closed","ping_status":"closed","template":"","meta":{"_seopress_robots_primary_cat":"","_seopress_titles_title":"","_seopress_titles_desc":"","_seopress_robots_index":"","footnotes":""},"class_list":["post-2","page","type-page","status-publish","has-post-thumbnail","hentry"],"_links":{"self":[{"href":"https:\/\/fondation-robmar.ch\/de\/wp-json\/wp\/v2\/pages\/2","targetHints":{"allow":["GET"]}}],"collection":[{"href":"https:\/\/fondation-robmar.ch\/de\/wp-json\/wp\/v2\/pages"}],"about":[{"href":"https:\/\/fondation-robmar.ch\/de\/wp-json\/wp\/v2\/types\/page"}],"author":[{"embeddable":true,"href":"https:\/\/fondation-robmar.ch\/de\/wp-json\/wp\/v2\/users\/1"}],"replies":[{"embeddable":true,"href":"https:\/\/fondation-robmar.ch\/de\/wp-json\/wp\/v2\/comments?post=2"}],"version-history":[{"count":42,"href":"https:\/\/fondation-robmar.ch\/de\/wp-json\/wp\/v2\/pages\/2\/revisions"}],"predecessor-version":[{"id":512,"href":"https:\/\/fondation-robmar.ch\/de\/wp-json\/wp\/v2\/pages\/2\/revisions\/512"}],"wp:featuredmedia":[{"embeddable":true,"href":"https:\/\/fondation-robmar.ch\/de\/wp-json\/wp\/v2\/media\/357"}],"wp:attachment":[{"href":"https:\/\/fondation-robmar.ch\/de\/wp-json\/wp\/v2\/media?parent=2"}],"curies":[{"name":"wp","href":"https:\/\/api.w.org\/{rel}","templated":true}]}}