{"id":300,"date":"2025-11-13T17:47:30","date_gmt":"2025-11-13T15:47:30","guid":{"rendered":"https:\/\/staging.fondation-robmar.ch\/?page_id=300"},"modified":"2025-11-30T19:11:35","modified_gmt":"2025-11-30T17:11:35","slug":"redog","status":"publish","type":"page","link":"https:\/\/fondation-robmar.ch\/de\/redog\/","title":{"rendered":"REDOG"},"content":{"rendered":"<div class=\"wp-block-group has-global-padding is-layout-constrained wp-block-group-is-layout-constrained\">\n<figure class=\"wp-block-image aligncenter size-full is-resized has-custom-border is-style-default\"><a href=\"https:\/\/www.redog.ch\/\" target=\"_blank\" rel=\" noreferrer noopener\"><img data-dominant-color=\"ae6473\" data-has-transparency=\"true\" alt=\"\" loading=\"lazy\" decoding=\"async\" width=\"250\" height=\"171\" sizes=\"auto, (max-width: 212px) 100vw, 212px\" src=\"https:\/\/fondation-robmar.ch\/wp-content\/uploads\/2025\/11\/logo-redog.png\" class=\"wp-image-307 has-transparency\" style=\"--dominant-color: #ae6473; border-radius:27px;box-shadow:6px 6px 9px rgba(0, 0, 0, 0.2);object-fit:cover;width:212px;height:auto\"\/><\/a><\/figure>\n\n\n\n<p><strong>Der Schweizerische Verein f\u00fcr Such- und Rettungshunde<\/strong> (REDOG).\nDer seit \u00fcber 50 Jahren gegr\u00fcndete Schweizerische Verein REDOG bildet Katastrophenhunde- und Gel\u00e4ndesuchhunde-Teams aus. Redog ist eine Rettungsorganisation des Schweizerischen Roten Kreuzes. \nAls Mitglied der Schweizer Rettungskette ist REDOG eine vom Eidgen\u00f6ssischen Departement f\u00fcr Entwicklung und Zusammenarbeit (EDZ) anerkannte Organisation und verf\u00fcgt \u00fcber gro\u00dfe Einsatzerfahrung bei humanit\u00e4ren Missionen bei Katastrophen im In- und Ausland.<\/p>\n\n\n\n<div class=\"wp-block-group alignwide has-global-padding is-layout-constrained wp-block-group-is-layout-constrained\" style=\"min-height:240px\">\n<figure class=\"wp-block-gallery aligncenter has-nested-images columns-3 is-cropped wp-block-gallery-1 is-layout-flex wp-block-gallery-is-layout-flex\">\n<figure class=\"wp-block-image size-medium has-custom-border is-style-default\"><img data-dominant-color=\"927f77\" data-has-transparency=\"false\" alt=\"\" loading=\"lazy\" decoding=\"async\" width=\"1333\" height=\"1333\" sizes=\"auto, (max-width: 300px) 100vw, 300px\" data-id=\"463\" src=\"https:\/\/fondation-robmar.ch\/wp-content\/uploads\/2025\/11\/Redog-1-edited.jpg\" class=\"wp-image-463 not-transparent\" style=\"--dominant-color: #927f77; border-radius:15px\" srcset=\"https:\/\/fondation-robmar.ch\/wp-content\/uploads\/2025\/11\/Redog-1-edited.jpg 1333w, https:\/\/fondation-robmar.ch\/wp-content\/uploads\/2025\/11\/Redog-1-edited-300x300.jpg 300w, https:\/\/fondation-robmar.ch\/wp-content\/uploads\/2025\/11\/Redog-1-edited-1024x1024.jpg 1024w, https:\/\/fondation-robmar.ch\/wp-content\/uploads\/2025\/11\/Redog-1-edited-150x150.jpg 150w, https:\/\/fondation-robmar.ch\/wp-content\/uploads\/2025\/11\/Redog-1-edited-768x768.jpg 768w\" \/><\/figure>\n\n\n\n<figure class=\"wp-block-image size-full has-custom-border\"><img data-dominant-color=\"684d40\" data-has-transparency=\"false\" alt=\"\" loading=\"lazy\" decoding=\"async\" width=\"1333\" height=\"1333\" sizes=\"auto, (max-width: 768px) 100vw, 768px\" data-id=\"464\" src=\"https:\/\/fondation-robmar.ch\/wp-content\/uploads\/2025\/11\/Redog-2-edited.jpg\" class=\"wp-image-464 not-transparent\" style=\"--dominant-color: #684d40; border-radius:15px\" srcset=\"https:\/\/fondation-robmar.ch\/wp-content\/uploads\/2025\/11\/Redog-2-edited.jpg 1333w, https:\/\/fondation-robmar.ch\/wp-content\/uploads\/2025\/11\/Redog-2-edited-300x300.jpg 300w, https:\/\/fondation-robmar.ch\/wp-content\/uploads\/2025\/11\/Redog-2-edited-1024x1024.jpg 1024w, https:\/\/fondation-robmar.ch\/wp-content\/uploads\/2025\/11\/Redog-2-edited-150x150.jpg 150w, https:\/\/fondation-robmar.ch\/wp-content\/uploads\/2025\/11\/Redog-2-edited-768x768.jpg 768w\" \/><\/figure>\n\n\n\n<figure class=\"wp-block-image size-large has-custom-border\"><img data-dominant-color=\"5f4736\" data-has-transparency=\"false\" alt=\"\" loading=\"lazy\" decoding=\"async\" width=\"1332\" height=\"1333\" sizes=\"auto, (max-width: 768px) 100vw, 768px\" data-id=\"465\" src=\"https:\/\/fondation-robmar.ch\/wp-content\/uploads\/2025\/11\/Redog-3-edited.jpg\" class=\"wp-image-465 not-transparent\" style=\"--dominant-color: #5f4736; border-radius:15px\" srcset=\"https:\/\/fondation-robmar.ch\/wp-content\/uploads\/2025\/11\/Redog-3-edited.jpg 1332w, https:\/\/fondation-robmar.ch\/wp-content\/uploads\/2025\/11\/Redog-3-edited-300x300.jpg 300w, https:\/\/fondation-robmar.ch\/wp-content\/uploads\/2025\/11\/Redog-3-edited-1024x1024.jpg 1024w, https:\/\/fondation-robmar.ch\/wp-content\/uploads\/2025\/11\/Redog-3-edited-150x150.jpg 150w, https:\/\/fondation-robmar.ch\/wp-content\/uploads\/2025\/11\/Redog-3-edited-768x769.jpg 768w\" \/><\/figure>\n<\/figure>\n<\/div>\n\n\n\n<div class=\"wp-block-buttons is-content-justification-center is-layout-flex wp-container-core-buttons-is-layout-a89b3969 wp-block-buttons-is-layout-flex\">\n<div class=\"wp-block-button has-custom-width wp-block-button__width-50 is-style-fill\"><a class=\"wp-block-button__link has-white-color has-text-color has-link-color wp-element-button\" href=\"https:\/\/www.redog.ch\/\" target=\"_blank\" rel=\"noreferrer noopener\">Webseite<\/a><\/div>\n<\/div>\n<\/div>","protected":false},"excerpt":{"rendered":"<p>The Swiss Association for Search and Rescue Dogs (REDOG) has created the Catastrophe Dog Unit and the Search Dog on Site Unit, which trains teams of rescue dogs and man trailing. REDOG is a Rescue Organization of the Swiss Red Cross. As member of the Rescue Chain, REDOG is an organization recognized by the Swiss [&hellip;]<\/p>\n","protected":false},"author":1,"featured_media":364,"parent":0,"menu_order":0,"comment_status":"closed","ping_status":"closed","template":"wp-custom-template-sponsorships","meta":{"_seopress_robots_primary_cat":"","_seopress_titles_title":"","_seopress_titles_desc":"","_seopress_robots_index":"","footnotes":""},"class_list":["post-300","page","type-page","status-publish","has-post-thumbnail","hentry"],"_links":{"self":[{"href":"https:\/\/fondation-robmar.ch\/de\/wp-json\/wp\/v2\/pages\/300","targetHints":{"allow":["GET"]}}],"collection":[{"href":"https:\/\/fondation-robmar.ch\/de\/wp-json\/wp\/v2\/pages"}],"about":[{"href":"https:\/\/fondation-robmar.ch\/de\/wp-json\/wp\/v2\/types\/page"}],"author":[{"embeddable":true,"href":"https:\/\/fondation-robmar.ch\/de\/wp-json\/wp\/v2\/users\/1"}],"replies":[{"embeddable":true,"href":"https:\/\/fondation-robmar.ch\/de\/wp-json\/wp\/v2\/comments?post=300"}],"version-history":[{"count":10,"href":"https:\/\/fondation-robmar.ch\/de\/wp-json\/wp\/v2\/pages\/300\/revisions"}],"predecessor-version":[{"id":505,"href":"https:\/\/fondation-robmar.ch\/de\/wp-json\/wp\/v2\/pages\/300\/revisions\/505"}],"wp:featuredmedia":[{"embeddable":true,"href":"https:\/\/fondation-robmar.ch\/de\/wp-json\/wp\/v2\/media\/364"}],"wp:attachment":[{"href":"https:\/\/fondation-robmar.ch\/de\/wp-json\/wp\/v2\/media?parent=300"}],"curies":[{"name":"wp","href":"https:\/\/api.w.org\/{rel}","templated":true}]}}