{"id":314,"date":"2025-11-13T18:05:36","date_gmt":"2025-11-13T16:05:36","guid":{"rendered":"https:\/\/staging.fondation-robmar.ch\/?page_id=314"},"modified":"2025-12-20T22:07:50","modified_gmt":"2025-12-20T20:07:50","slug":"spz","status":"publish","type":"page","link":"https:\/\/fondation-robmar.ch\/de\/spz\/","title":{"rendered":"Schweizer Paraplegiker-Gruppe (SPG), Nottwil"},"content":{"rendered":"<div class=\"wp-block-group has-global-padding is-layout-constrained wp-block-group-is-layout-constrained\">\n<figure class=\"wp-block-image aligncenter size-full is-resized has-custom-border is-style-default\"><a href=\"https:\/\/www.paraplegie.ch\" target=\"_blank\" rel=\" noreferrer noopener\"><img data-dominant-color=\"000000\" data-has-transparency=\"true\" alt=\"\" loading=\"lazy\" decoding=\"async\" width=\"260\" height=\"179\" sizes=\"auto, (max-width: 187px) 100vw, 187px\" src=\"https:\/\/fondation-robmar.ch\/wp-content\/uploads\/2025\/11\/logo-spg.png\" class=\"wp-image-313 has-transparency\" style=\"--dominant-color: #000000; border-radius:27px;box-shadow:6px 6px 9px rgba(0, 0, 0, 0.2);object-fit:cover;width:187px;height:auto\"\/><\/a><\/figure>\n\n\n\n<p>Das Schweizer Paraplegiker Zentrum in Nottwil ist weltweit bekannt und einzigartig, da es dank seiner Funktionalit\u00e4t und Gr\u00f6\u00dfe zu den f\u00fchrenden Spezialkliniken f\u00fcr Querschnittsgel\u00e4hmte z\u00e4hlt.<\/p>\n\n\n\n<div class=\"wp-block-group alignwide is-layout-flow wp-block-group-is-layout-flow\">\n<div class=\"wp-block-group alignwide has-global-padding is-layout-constrained wp-block-group-is-layout-constrained\" style=\"min-height:240px\">\n<figure class=\"wp-block-gallery aligncenter has-nested-images columns-3 is-cropped wp-block-gallery-1 is-layout-flex wp-block-gallery-is-layout-flex\">\n<figure class=\"wp-block-image size-medium has-custom-border is-style-default\"><img data-dominant-color=\"686466\" data-has-transparency=\"false\" alt=\"\" loading=\"lazy\" decoding=\"async\" width=\"2560\" height=\"2560\" sizes=\"auto, (max-width: 300px) 100vw, 300px\" data-id=\"476\" src=\"https:\/\/fondation-robmar.ch\/wp-content\/uploads\/2025\/11\/SPZ2-edited-2-scaled.jpg\" class=\"wp-image-476 not-transparent\" style=\"--dominant-color: #686466; border-radius:15px\" srcset=\"https:\/\/fondation-robmar.ch\/wp-content\/uploads\/2025\/11\/SPZ2-edited-2-scaled.jpg 2560w, https:\/\/fondation-robmar.ch\/wp-content\/uploads\/2025\/11\/SPZ2-edited-2-300x300.jpg 300w, https:\/\/fondation-robmar.ch\/wp-content\/uploads\/2025\/11\/SPZ2-edited-2-1024x1024.jpg 1024w, https:\/\/fondation-robmar.ch\/wp-content\/uploads\/2025\/11\/SPZ2-edited-2-150x150.jpg 150w, https:\/\/fondation-robmar.ch\/wp-content\/uploads\/2025\/11\/SPZ2-edited-2-768x768.jpg 768w, https:\/\/fondation-robmar.ch\/wp-content\/uploads\/2025\/11\/SPZ2-edited-2-1536x1536.jpg 1536w, https:\/\/fondation-robmar.ch\/wp-content\/uploads\/2025\/11\/SPZ2-edited-2-2048x2048.jpg 2048w\" \/><\/figure>\n\n\n\n<figure class=\"wp-block-image size-full has-custom-border\"><img data-dominant-color=\"6a7663\" data-has-transparency=\"false\" alt=\"\" loading=\"lazy\" decoding=\"async\" width=\"2560\" height=\"2560\" sizes=\"auto, (max-width: 768px) 100vw, 768px\" data-id=\"477\" src=\"https:\/\/fondation-robmar.ch\/wp-content\/uploads\/2025\/11\/SPZ3-edited-scaled.jpg\" class=\"wp-image-477 not-transparent\" style=\"--dominant-color: #6a7663; border-radius:15px\" srcset=\"https:\/\/fondation-robmar.ch\/wp-content\/uploads\/2025\/11\/SPZ3-edited-scaled.jpg 2560w, https:\/\/fondation-robmar.ch\/wp-content\/uploads\/2025\/11\/SPZ3-edited-300x300.jpg 300w, https:\/\/fondation-robmar.ch\/wp-content\/uploads\/2025\/11\/SPZ3-edited-1024x1024.jpg 1024w, https:\/\/fondation-robmar.ch\/wp-content\/uploads\/2025\/11\/SPZ3-edited-150x150.jpg 150w, https:\/\/fondation-robmar.ch\/wp-content\/uploads\/2025\/11\/SPZ3-edited-768x768.jpg 768w, https:\/\/fondation-robmar.ch\/wp-content\/uploads\/2025\/11\/SPZ3-edited-1536x1536.jpg 1536w, https:\/\/fondation-robmar.ch\/wp-content\/uploads\/2025\/11\/SPZ3-edited-2048x2048.jpg 2048w\" \/><\/figure>\n\n\n\n<figure class=\"wp-block-image size-large has-custom-border\"><img data-dominant-color=\"7c8682\" data-has-transparency=\"false\" alt=\"\" loading=\"lazy\" decoding=\"async\" width=\"2560\" height=\"2560\" sizes=\"auto, (max-width: 768px) 100vw, 768px\" data-id=\"478\" src=\"https:\/\/fondation-robmar.ch\/wp-content\/uploads\/2025\/11\/SPZ4-edited-scaled.jpg\" class=\"wp-image-478 not-transparent\" style=\"--dominant-color: #7c8682; border-radius:15px\" srcset=\"https:\/\/fondation-robmar.ch\/wp-content\/uploads\/2025\/11\/SPZ4-edited-scaled.jpg 2560w, https:\/\/fondation-robmar.ch\/wp-content\/uploads\/2025\/11\/SPZ4-edited-300x300.jpg 300w, https:\/\/fondation-robmar.ch\/wp-content\/uploads\/2025\/11\/SPZ4-edited-1024x1024.jpg 1024w, https:\/\/fondation-robmar.ch\/wp-content\/uploads\/2025\/11\/SPZ4-edited-150x150.jpg 150w, https:\/\/fondation-robmar.ch\/wp-content\/uploads\/2025\/11\/SPZ4-edited-768x768.jpg 768w, https:\/\/fondation-robmar.ch\/wp-content\/uploads\/2025\/11\/SPZ4-edited-1536x1536.jpg 1536w, https:\/\/fondation-robmar.ch\/wp-content\/uploads\/2025\/11\/SPZ4-edited-2048x2048.jpg 2048w\" \/><\/figure>\n<\/figure>\n<\/div>\n<\/div>\n\n\n\n<div class=\"wp-block-group has-global-padding is-layout-constrained wp-container-core-group-is-layout-19e250f3 wp-block-group-is-layout-constrained\">\n<p>Neben medizinischen Behandlungen werden zwei tiergest\u00fctzte Projekte mit Pferden f\u00fcr Patient:innen mit Behinderung angeboten. Hierbei wird das Pferd als Therapeut eingesetzt und beeinflusst positiv das Verhalten und Wohlbefinden der Patient:innen durch die individuelle und ganzheitliche Erfahrung mit dem Pferd.<\/p>\n\n\n\n<ul class=\"wp-block-list\">\n<li style=\"padding-top:var(--wp--preset--spacing--xx-small);padding-bottom:var(--wp--preset--spacing--xx-small)\"> <strong>Hippotherapie<\/strong> : Die rhythmischen, dreidimensionalen Bewegungen des Pferdes werden als Therapie auf den Patienten \u00fcbertragen, welcher keine aktive Wirkung auf das Pferd hat.<\/li>\n\n\n\n<li style=\"padding-top:var(--wp--preset--spacing--xx-small);padding-bottom:var(--wp--preset--spacing--xx-small)\"><strong>Pferdegest\u00fctzte Therapie<\/strong> : Nutzung des Pferdes als Medium durch seinen K\u00f6rper, seine Bewegungen und sein Verhalten als Therapie f\u00fcr Erwachsene und Kinder mit physischen und\/oder psychischen Krankheiten (Paraplegie, Autismus, soziale Integrationsprobleme, etc...).<\/li>\n<\/ul>\n<\/div>\n\n\n\n<div class=\"wp-block-buttons is-content-justification-center is-layout-flex wp-container-core-buttons-is-layout-a89b3969 wp-block-buttons-is-layout-flex\">\n<div class=\"wp-block-button has-custom-width wp-block-button__width-50 is-style-fill\"><a class=\"wp-block-button__link has-white-color has-text-color has-link-color wp-element-button\" href=\"https:\/\/www.paraplegie.ch\/\" target=\"_blank\" rel=\"noreferrer noopener\">Webseite<\/a><\/div>\n<\/div>\n<\/div>","protected":false},"excerpt":{"rendered":"<p>The Swiss Paraplegic Center in Nottwil is worldwide known and unique, as it is one of the leading specialized clinics for paraplegic patients through its functionality and size. Along-side with medical treatments, two distinct animal-assisted projects with horses are applied for disabled patients, where the horse is used as therapist, influencing positively the patients\u2019 behaviour [&hellip;]<\/p>\n","protected":false},"author":1,"featured_media":309,"parent":0,"menu_order":0,"comment_status":"closed","ping_status":"closed","template":"wp-custom-template-sponsorships","meta":{"_seopress_robots_primary_cat":"","_seopress_titles_title":"","_seopress_titles_desc":"","_seopress_robots_index":"","footnotes":""},"class_list":["post-314","page","type-page","status-publish","has-post-thumbnail","hentry"],"_links":{"self":[{"href":"https:\/\/fondation-robmar.ch\/de\/wp-json\/wp\/v2\/pages\/314","targetHints":{"allow":["GET"]}}],"collection":[{"href":"https:\/\/fondation-robmar.ch\/de\/wp-json\/wp\/v2\/pages"}],"about":[{"href":"https:\/\/fondation-robmar.ch\/de\/wp-json\/wp\/v2\/types\/page"}],"author":[{"embeddable":true,"href":"https:\/\/fondation-robmar.ch\/de\/wp-json\/wp\/v2\/users\/1"}],"replies":[{"embeddable":true,"href":"https:\/\/fondation-robmar.ch\/de\/wp-json\/wp\/v2\/comments?post=314"}],"version-history":[{"count":8,"href":"https:\/\/fondation-robmar.ch\/de\/wp-json\/wp\/v2\/pages\/314\/revisions"}],"predecessor-version":[{"id":530,"href":"https:\/\/fondation-robmar.ch\/de\/wp-json\/wp\/v2\/pages\/314\/revisions\/530"}],"wp:featuredmedia":[{"embeddable":true,"href":"https:\/\/fondation-robmar.ch\/de\/wp-json\/wp\/v2\/media\/309"}],"wp:attachment":[{"href":"https:\/\/fondation-robmar.ch\/de\/wp-json\/wp\/v2\/media?parent=314"}],"curies":[{"name":"wp","href":"https:\/\/api.w.org\/{rel}","templated":true}]}}