{"id":330,"date":"2025-11-16T17:26:44","date_gmt":"2025-11-16T15:26:44","guid":{"rendered":"https:\/\/staging.fondation-robmar.ch\/?page_id=330"},"modified":"2025-11-30T19:10:03","modified_gmt":"2025-11-30T17:10:03","slug":"uber-uns","status":"publish","type":"page","link":"https:\/\/fondation-robmar.ch\/de\/uber-uns\/","title":{"rendered":"\u00dcber Uns"},"content":{"rendered":"<div class=\"wp-block-group has-global-padding is-layout-constrained wp-block-group-is-layout-constrained\">\n<h1 class=\"wp-block-heading has-text-align-left\">Die Stiftung<\/h1>\n\n\n\n<p class=\"has-text-align-left\"> Die <strong><mark style=\"background-color:rgba(0, 0, 0, 0)\" class=\"has-inline-color has-custom-brand-green-color\">rob<\/mark><mark style=\"background-color:rgba(0, 0, 0, 0)\" class=\"has-inline-color has-custom-brand-red-color\">mar<\/mark><\/strong> Stiftung ist eine gemeinn\u00fctzige Organisation. Ihr Ziel ist es, Projekte zu begleiten und zu unterst\u00fctzen, die die Mensch-Tier-Beziehung in den Mittelpunkt stellen \u2013 jene einzigartige Beziehung zwischen Mensch und Tier, die seit Anbeginn der Zivilisation besteht. <\/p>\n\n\n\n<p class=\"has-text-align-left\">Die Mensch-Tier-Beziehung ist die dynamische Beziehung zwischen Mensch und Tier, in der beide den psychischen und physischen Zustand des jeweils anderen beeinflussen k\u00f6nnen. Die Interaktion zwischen Mensch und Tier kann einen tiefgreifenden und positiven Einfluss auf Menschen haben, insbesondere auf Kranke oder Menschen mit Einschr\u00e4nkungen. <\/p>\n\n\n\n<p class=\"has-text-align-left translation-block\">Die Stiftung initiiert und f\u00f6rdert <strong>Assistenz- und Therapieprojekte<\/strong>, in denen Tiere ausgebildet werden, um kranken, behinderten oder verletzten Menschen zu helfen.<\/p>\n\n\n\n<p class=\"has-text-align-left\"><strong><mark style=\"background-color:rgba(0, 0, 0, 0)\" class=\"has-inline-color has-custom-brand-green-color\">rob<\/mark><mark style=\"background-color:rgba(0, 0, 0, 0)\" class=\"has-inline-color has-custom-brand-red-color\">mar<\/mark><\/strong> m\u00f6chte zudem das \u00f6ffentliche Bewusstsein f\u00fcr die Entwicklungen im Bereich der Mensch-Tier-Beziehung st\u00e4rken. <\/p>\n\n\n\n<hr class=\"wp-block-separator has-alpha-channel-opacity\"\/>\n\n\n\n<h1 class=\"wp-block-heading has-text-align-center has-large-font-size\">Stiftungsrat <\/h1>\n\n\n\n<p class=\"has-text-align-center\"><strong>Marie-Christine Jaeger-Firmenich<\/strong>, Pr\u00e4sidentin <br><strong>Urs Jaeger<\/strong>, Vize-Pr\u00e4sident <br><strong>Christophe Lombard<\/strong>, Mitglied <br><strong>Iain J. Morgan<\/strong>, Mitglied <br><strong>Barbara Pinguely<\/strong>, Mitglied &amp; Sekret\u00e4rin <br><strong>Peter Wade<\/strong>, Mitglied<\/p>\n\n\n\n<hr class=\"wp-block-separator has-alpha-channel-opacity\"\/>\n<\/div>","protected":false},"excerpt":{"rendered":"<p>The Foundation The robmar Foundation is a non-profit organization. Its purpose is to provide guidance and support for projects that have at their nucleus the Human-Animal bond, namely the unique relationship between humans and animals existing since the dawn of civilization. The Human-Animal bond is the dynamic relationship between people and animals, where each can [&hellip;]<\/p>\n","protected":false},"author":1,"featured_media":237,"parent":0,"menu_order":2,"comment_status":"closed","ping_status":"closed","template":"","meta":{"_seopress_robots_primary_cat":"","_seopress_titles_title":"","_seopress_titles_desc":"","_seopress_robots_index":"","footnotes":""},"class_list":["post-330","page","type-page","status-publish","has-post-thumbnail","hentry"],"_links":{"self":[{"href":"https:\/\/fondation-robmar.ch\/de\/wp-json\/wp\/v2\/pages\/330","targetHints":{"allow":["GET"]}}],"collection":[{"href":"https:\/\/fondation-robmar.ch\/de\/wp-json\/wp\/v2\/pages"}],"about":[{"href":"https:\/\/fondation-robmar.ch\/de\/wp-json\/wp\/v2\/types\/page"}],"author":[{"embeddable":true,"href":"https:\/\/fondation-robmar.ch\/de\/wp-json\/wp\/v2\/users\/1"}],"replies":[{"embeddable":true,"href":"https:\/\/fondation-robmar.ch\/de\/wp-json\/wp\/v2\/comments?post=330"}],"version-history":[{"count":5,"href":"https:\/\/fondation-robmar.ch\/de\/wp-json\/wp\/v2\/pages\/330\/revisions"}],"predecessor-version":[{"id":502,"href":"https:\/\/fondation-robmar.ch\/de\/wp-json\/wp\/v2\/pages\/330\/revisions\/502"}],"wp:featuredmedia":[{"embeddable":true,"href":"https:\/\/fondation-robmar.ch\/de\/wp-json\/wp\/v2\/media\/237"}],"wp:attachment":[{"href":"https:\/\/fondation-robmar.ch\/de\/wp-json\/wp\/v2\/media?parent=330"}],"curies":[{"name":"wp","href":"https:\/\/api.w.org\/{rel}","templated":true}]}}