{"id":155,"date":"2025-10-19T19:11:27","date_gmt":"2025-10-19T17:11:27","guid":{"rendered":"https:\/\/staging.fondation-robmar.ch\/?page_id=155"},"modified":"2025-11-30T19:12:30","modified_gmt":"2025-11-30T17:12:30","slug":"snif-dogs-switzerland","status":"publish","type":"page","link":"https:\/\/fondation-robmar.ch\/fr\/snif-dogs-switzerland\/","title":{"rendered":"SNIF Chiens Suisse"},"content":{"rendered":"<div class=\"wp-block-group has-global-padding is-layout-constrained wp-block-group-is-layout-constrained\">\n<figure class=\"wp-block-image aligncenter size-full has-custom-border is-style-default\"><a href=\"https:\/\/www.snifdogs-switzerland.ch\" target=\"_blank\" rel=\" noreferrer noopener\"><img data-dominant-color=\"cfcbcb\" data-has-transparency=\"false\" alt=\"\" loading=\"lazy\" decoding=\"async\" width=\"300\" height=\"107\" sizes=\"auto, (max-width: 300px) 100vw, 300px\" src=\"https:\/\/fondation-robmar.ch\/wp-content\/uploads\/2025\/10\/SNIF_Dogs_Switzerland_Logo_full-300x107-jpg.webp\" class=\"wp-image-157 not-transparent\" style=\"--dominant-color: #cfcbcb; border-radius:27px;box-shadow:6px 6px 9px rgba(0, 0, 0, 0.2);object-fit:cover\"\/><\/a><\/figure>\n\n\n\n<p class=\"translation-block\">S.N.I.F. Dogs Switzerland est une association \u00e0 but non-lucratif fond\u00e9e en 2019. S.N.I.F. Dogs se concentre sur la <strong>formation de chiens d'assistance et d'alerte<\/strong> qui aident les personnes atteintes de <strong>diab\u00e8te, d'\u00e9pilepsie, d'allergies et d'autres handicaps<\/strong> dans leur vie quotidienne.<\/p>\n\n\n\n<div class=\"wp-block-group alignwide has-global-padding is-layout-constrained wp-block-group-is-layout-constrained\">\n<figure class=\"wp-block-gallery aligncenter has-nested-images columns-3 is-cropped wp-block-gallery-1 is-layout-flex wp-block-gallery-is-layout-flex\">\n<figure class=\"wp-block-image size-medium has-custom-border is-style-default\"><img data-dominant-color=\"78695d\" data-has-transparency=\"false\" alt=\"\" loading=\"lazy\" decoding=\"async\" width=\"300\" height=\"300\" sizes=\"auto, (max-width: 300px) 100vw, 300px\" data-id=\"456\" src=\"https:\/\/fondation-robmar.ch\/wp-content\/uploads\/2025\/11\/snifdogs-1-e1764519921287-300x300.jpg\" class=\"wp-image-456 not-transparent\" style=\"--dominant-color: #78695d; border-radius:15px\" srcset=\"https:\/\/fondation-robmar.ch\/wp-content\/uploads\/2025\/11\/snifdogs-1-e1764519921287-300x300.jpg 300w, https:\/\/fondation-robmar.ch\/wp-content\/uploads\/2025\/11\/snifdogs-1-e1764519921287-1024x1024.jpg 1024w, https:\/\/fondation-robmar.ch\/wp-content\/uploads\/2025\/11\/snifdogs-1-e1764519921287-150x150.jpg 150w, https:\/\/fondation-robmar.ch\/wp-content\/uploads\/2025\/11\/snifdogs-1-e1764519921287-768x768.jpg 768w, https:\/\/fondation-robmar.ch\/wp-content\/uploads\/2025\/11\/snifdogs-1-e1764519921287.jpg 1280w\" \/><\/figure>\n\n\n\n<figure class=\"wp-block-image size-full has-custom-border\"><img data-dominant-color=\"966f60\" data-has-transparency=\"false\" alt=\"\" loading=\"lazy\" decoding=\"async\" width=\"1238\" height=\"1238\" sizes=\"auto, (max-width: 768px) 100vw, 768px\" data-id=\"457\" src=\"https:\/\/fondation-robmar.ch\/wp-content\/uploads\/2025\/11\/snifdogs-3-edited.jpg\" class=\"wp-image-457 not-transparent\" style=\"--dominant-color: #966f60; border-radius:15px\" srcset=\"https:\/\/fondation-robmar.ch\/wp-content\/uploads\/2025\/11\/snifdogs-3-edited.jpg 1238w, https:\/\/fondation-robmar.ch\/wp-content\/uploads\/2025\/11\/snifdogs-3-edited-300x300.jpg 300w, https:\/\/fondation-robmar.ch\/wp-content\/uploads\/2025\/11\/snifdogs-3-edited-1024x1024.jpg 1024w, https:\/\/fondation-robmar.ch\/wp-content\/uploads\/2025\/11\/snifdogs-3-edited-150x150.jpg 150w, https:\/\/fondation-robmar.ch\/wp-content\/uploads\/2025\/11\/snifdogs-3-edited-768x768.jpg 768w\" \/><\/figure>\n\n\n\n<figure class=\"wp-block-image size-large has-custom-border\"><img data-dominant-color=\"9d7c7e\" data-has-transparency=\"false\" alt=\"\" loading=\"lazy\" decoding=\"async\" width=\"1281\" height=\"1280\" sizes=\"auto, (max-width: 768px) 100vw, 768px\" data-id=\"458\" src=\"https:\/\/fondation-robmar.ch\/wp-content\/uploads\/2025\/11\/snifdogs-2-edited.jpg\" class=\"wp-image-458 not-transparent\" style=\"--dominant-color: #9d7c7e; border-radius:15px\" srcset=\"https:\/\/fondation-robmar.ch\/wp-content\/uploads\/2025\/11\/snifdogs-2-edited.jpg 1281w, https:\/\/fondation-robmar.ch\/wp-content\/uploads\/2025\/11\/snifdogs-2-edited-300x300.jpg 300w, https:\/\/fondation-robmar.ch\/wp-content\/uploads\/2025\/11\/snifdogs-2-edited-1024x1024.jpg 1024w, https:\/\/fondation-robmar.ch\/wp-content\/uploads\/2025\/11\/snifdogs-2-edited-150x150.jpg 150w, https:\/\/fondation-robmar.ch\/wp-content\/uploads\/2025\/11\/snifdogs-2-edited-768x767.jpg 768w\" \/><\/figure>\n<\/figure>\n<\/div>\n\n\n\n<p class=\"translation-block\">L'association collabore avec des centres de formation, des professionnels de la sant\u00e9 et des instituts de recherche, tant au niveau national qu'international. <strong>Sensibiliser le public<\/strong> aux incroyables capacit\u00e9s de ces compagnons \u00e0 quatre pattes est \u00e9galement une priorit\u00e9 pour l'\u00e9quipe S.N.I.F. Dogs.<\/p>\n\n\n\n<div class=\"wp-block-buttons is-content-justification-center is-layout-flex wp-container-core-buttons-is-layout-a89b3969 wp-block-buttons-is-layout-flex\">\n<div class=\"wp-block-button has-custom-width wp-block-button__width-50 is-style-fill\"><a class=\"wp-block-button__link has-white-color has-text-color has-link-color wp-element-button\" href=\"https:\/\/www.snifdogs-switzerland.ch\" target=\"_blank\" rel=\"noreferrer noopener\">Site web<\/a><\/div>\n<\/div>\n<\/div>","protected":false},"excerpt":{"rendered":"<p>The SNIF Dogs Switzerland association was founded in 2019. SNIF Dogs focuses on the training of assistance and alert dogs that support people with diabetes, epilepsy, allergies and other disabilities in their everyday lives. The association collaborates with training centres, medical professionals, and research institutions \u2013 both domestically and abroad. Raising public awareness of the [&hellip;]<\/p>\n","protected":false},"author":1,"featured_media":453,"parent":0,"menu_order":0,"comment_status":"closed","ping_status":"closed","template":"wp-custom-template-sponsorships","meta":{"_seopress_robots_primary_cat":"","_seopress_titles_title":"","_seopress_titles_desc":"","_seopress_robots_index":"","footnotes":""},"class_list":["post-155","page","type-page","status-publish","has-post-thumbnail","hentry"],"_links":{"self":[{"href":"https:\/\/fondation-robmar.ch\/fr\/wp-json\/wp\/v2\/pages\/155","targetHints":{"allow":["GET"]}}],"collection":[{"href":"https:\/\/fondation-robmar.ch\/fr\/wp-json\/wp\/v2\/pages"}],"about":[{"href":"https:\/\/fondation-robmar.ch\/fr\/wp-json\/wp\/v2\/types\/page"}],"author":[{"embeddable":true,"href":"https:\/\/fondation-robmar.ch\/fr\/wp-json\/wp\/v2\/users\/1"}],"replies":[{"embeddable":true,"href":"https:\/\/fondation-robmar.ch\/fr\/wp-json\/wp\/v2\/comments?post=155"}],"version-history":[{"count":11,"href":"https:\/\/fondation-robmar.ch\/fr\/wp-json\/wp\/v2\/pages\/155\/revisions"}],"predecessor-version":[{"id":508,"href":"https:\/\/fondation-robmar.ch\/fr\/wp-json\/wp\/v2\/pages\/155\/revisions\/508"}],"wp:featuredmedia":[{"embeddable":true,"href":"https:\/\/fondation-robmar.ch\/fr\/wp-json\/wp\/v2\/media\/453"}],"wp:attachment":[{"href":"https:\/\/fondation-robmar.ch\/fr\/wp-json\/wp\/v2\/media?parent=155"}],"curies":[{"name":"wp","href":"https:\/\/api.w.org\/{rel}","templated":true}]}}