{"id":271,"date":"2025-11-13T17:01:04","date_gmt":"2025-11-13T15:01:04","guid":{"rendered":"https:\/\/staging.fondation-robmar.ch\/?page_id=271"},"modified":"2025-11-30T19:08:33","modified_gmt":"2025-11-30T17:08:33","slug":"contact","status":"publish","type":"page","link":"https:\/\/fondation-robmar.ch\/fr\/contact\/","title":{"rendered":"Institut Compas"},"content":{"rendered":"<div class=\"wp-block-group has-global-padding is-layout-constrained wp-block-group-is-layout-constrained\" style=\"margin-top:0;margin-bottom:0;padding-top:0;padding-bottom:0\">\n<figure class=\"wp-block-image aligncenter size-large is-resized has-custom-border is-style-default\"><a href=\"https:\/\/compas.ch\/\" target=\"_blank\" rel=\" noreferrer noopener\"><img data-dominant-color=\"8c635c\" data-has-transparency=\"true\" alt=\"\" loading=\"lazy\" decoding=\"async\" width=\"1024\" height=\"485\" sizes=\"auto, (max-width: 260px) 100vw, 260px\" src=\"https:\/\/fondation-robmar.ch\/wp-content\/uploads\/2025\/11\/logo-compas-1024x485.png\" class=\"wp-image-273 has-transparency\" style=\"--dominant-color: #8c635c; border-radius:27px;box-shadow:6px 6px 9px rgba(0, 0, 0, 0.2);width:260px;height:auto\" srcset=\"https:\/\/fondation-robmar.ch\/wp-content\/uploads\/2025\/11\/logo-compas-1024x485.png 1024w, https:\/\/fondation-robmar.ch\/wp-content\/uploads\/2025\/11\/logo-compas-300x142.png 300w, https:\/\/fondation-robmar.ch\/wp-content\/uploads\/2025\/11\/logo-compas-768x364.png 768w, https:\/\/fondation-robmar.ch\/wp-content\/uploads\/2025\/11\/logo-compas-1536x728.png 1536w, https:\/\/fondation-robmar.ch\/wp-content\/uploads\/2025\/11\/logo-compas-2048x970.png 2048w\" \/><\/a><\/figure>\n\n\n\n<div class=\"wp-block-group has-global-padding is-layout-constrained wp-block-group-is-layout-constrained\">\n<p>L\u2019Institut Compas est une organisation \u00e0 but non lucratif, fond\u00e9e en 2018. <\/p>\n\n\n\n<p>L'organisation propose\u00a0:<\/p>\n\n\n\n<ul class=\"wp-block-list is-style-default\">\n<li><strong>interventions assist\u00e9es par la nature et les animaux<\/strong> dans le domaine de la <strong>psycho- ergo- et physioth\u00e9rapie<\/strong>, <\/li>\n\n\n\n<li><strong>sp\u00e9cialis\u00e9s de pr\u00e9vention de la violence<\/strong> pour les enfants et les adolescents souffrant de probl\u00e8mes de sant\u00e9 mentale li\u00e9s \u00e0 des \u00e9v\u00e9nements de vie stressants, <\/li>\n\n\n\n<li class=\"translation-block\">un large \u00e9ventail d'activit\u00e9s pour apprendre \u00e0 <strong>interagir avec les animaux<\/strong>,<\/li>\n\n\n\n<li class=\"translation-block\"><strong>des stages et des camps \u00e9ducatifs<\/strong> favorisant une am\u00e9lioration du bien-\u00eatre physique et mental des enfants et des adolescents.<\/li>\n<\/ul>\n<\/div>\n\n\n\n<div class=\"wp-block-group alignwide has-global-padding is-layout-constrained wp-block-group-is-layout-constrained\">\n<figure class=\"wp-block-gallery aligncenter has-nested-images columns-3 is-cropped wp-block-gallery-1 is-layout-flex wp-block-gallery-is-layout-flex\">\n<figure class=\"wp-block-image size-medium has-custom-border is-style-default\"><img data-dominant-color=\"7b705d\" data-has-transparency=\"false\" alt=\"\" loading=\"lazy\" decoding=\"async\" width=\"2560\" height=\"2560\" sizes=\"auto, (max-width: 300px) 100vw, 300px\" data-id=\"496\" src=\"https:\/\/fondation-robmar.ch\/wp-content\/uploads\/2025\/11\/Compas1-edited-scaled.jpg\" class=\"wp-image-496 not-transparent\" style=\"--dominant-color: #7b705d; border-radius:15px\" srcset=\"https:\/\/fondation-robmar.ch\/wp-content\/uploads\/2025\/11\/Compas1-edited-scaled.jpg 2560w, https:\/\/fondation-robmar.ch\/wp-content\/uploads\/2025\/11\/Compas1-edited-300x300.jpg 300w, https:\/\/fondation-robmar.ch\/wp-content\/uploads\/2025\/11\/Compas1-edited-1024x1024.jpg 1024w, https:\/\/fondation-robmar.ch\/wp-content\/uploads\/2025\/11\/Compas1-edited-150x150.jpg 150w, https:\/\/fondation-robmar.ch\/wp-content\/uploads\/2025\/11\/Compas1-edited-768x768.jpg 768w, https:\/\/fondation-robmar.ch\/wp-content\/uploads\/2025\/11\/Compas1-edited-1536x1536.jpg 1536w, https:\/\/fondation-robmar.ch\/wp-content\/uploads\/2025\/11\/Compas1-edited-2048x2048.jpg 2048w\" \/><\/figure>\n\n\n\n<figure class=\"wp-block-image size-full has-custom-border\"><img data-dominant-color=\"726c3e\" data-has-transparency=\"false\" alt=\"\" loading=\"lazy\" decoding=\"async\" width=\"2560\" height=\"2560\" sizes=\"auto, (max-width: 768px) 100vw, 768px\" data-id=\"497\" src=\"https:\/\/fondation-robmar.ch\/wp-content\/uploads\/2025\/11\/Compas2-edited-scaled.jpg\" class=\"wp-image-497 not-transparent\" style=\"--dominant-color: #726c3e; border-radius:15px\" srcset=\"https:\/\/fondation-robmar.ch\/wp-content\/uploads\/2025\/11\/Compas2-edited-scaled.jpg 2560w, https:\/\/fondation-robmar.ch\/wp-content\/uploads\/2025\/11\/Compas2-edited-300x300.jpg 300w, https:\/\/fondation-robmar.ch\/wp-content\/uploads\/2025\/11\/Compas2-edited-1024x1024.jpg 1024w, https:\/\/fondation-robmar.ch\/wp-content\/uploads\/2025\/11\/Compas2-edited-150x150.jpg 150w, https:\/\/fondation-robmar.ch\/wp-content\/uploads\/2025\/11\/Compas2-edited-768x768.jpg 768w, https:\/\/fondation-robmar.ch\/wp-content\/uploads\/2025\/11\/Compas2-edited-1536x1536.jpg 1536w, https:\/\/fondation-robmar.ch\/wp-content\/uploads\/2025\/11\/Compas2-edited-2048x2048.jpg 2048w\" \/><\/figure>\n\n\n\n<figure class=\"wp-block-image size-large has-custom-border\"><img data-dominant-color=\"806658\" data-has-transparency=\"false\" alt=\"\" loading=\"lazy\" decoding=\"async\" width=\"2560\" height=\"2560\" sizes=\"auto, (max-width: 768px) 100vw, 768px\" data-id=\"498\" src=\"https:\/\/fondation-robmar.ch\/wp-content\/uploads\/2025\/11\/Compas3-edited-scaled.jpg\" class=\"wp-image-498 not-transparent\" style=\"--dominant-color: #806658; border-radius:15px\" srcset=\"https:\/\/fondation-robmar.ch\/wp-content\/uploads\/2025\/11\/Compas3-edited-scaled.jpg 2560w, https:\/\/fondation-robmar.ch\/wp-content\/uploads\/2025\/11\/Compas3-edited-300x300.jpg 300w, https:\/\/fondation-robmar.ch\/wp-content\/uploads\/2025\/11\/Compas3-edited-1024x1024.jpg 1024w, https:\/\/fondation-robmar.ch\/wp-content\/uploads\/2025\/11\/Compas3-edited-150x150.jpg 150w, https:\/\/fondation-robmar.ch\/wp-content\/uploads\/2025\/11\/Compas3-edited-768x768.jpg 768w, https:\/\/fondation-robmar.ch\/wp-content\/uploads\/2025\/11\/Compas3-edited-1536x1536.jpg 1536w, https:\/\/fondation-robmar.ch\/wp-content\/uploads\/2025\/11\/Compas3-edited-2048x2048.jpg 2048w\" \/><\/figure>\n<\/figure>\n<\/div>\n\n\n\n<div class=\"wp-block-buttons is-content-justification-center is-layout-flex wp-container-core-buttons-is-layout-a89b3969 wp-block-buttons-is-layout-flex\">\n<div class=\"wp-block-button has-custom-width wp-block-button__width-50 is-style-fill\"><a class=\"wp-block-button__link has-white-color has-text-color has-link-color wp-element-button\" href=\"https:\/\/compas.ch\/\" target=\"_blank\" rel=\"noreferrer noopener\">Site web<\/a><\/div>\n<\/div>\n<\/div>","protected":false},"excerpt":{"rendered":"<p>Une organisation \u00e0 but non lucratif, fond\u00e9e en 2018. L'organisation offre :<\/p>","protected":false},"author":1,"featured_media":274,"parent":0,"menu_order":0,"comment_status":"closed","ping_status":"closed","template":"wp-custom-template-sponsorships","meta":{"_seopress_robots_primary_cat":"","_seopress_titles_title":"","_seopress_titles_desc":"","_seopress_robots_index":"","footnotes":""},"class_list":["post-271","page","type-page","status-publish","has-post-thumbnail","hentry"],"_links":{"self":[{"href":"https:\/\/fondation-robmar.ch\/fr\/wp-json\/wp\/v2\/pages\/271","targetHints":{"allow":["GET"]}}],"collection":[{"href":"https:\/\/fondation-robmar.ch\/fr\/wp-json\/wp\/v2\/pages"}],"about":[{"href":"https:\/\/fondation-robmar.ch\/fr\/wp-json\/wp\/v2\/types\/page"}],"author":[{"embeddable":true,"href":"https:\/\/fondation-robmar.ch\/fr\/wp-json\/wp\/v2\/users\/1"}],"replies":[{"embeddable":true,"href":"https:\/\/fondation-robmar.ch\/fr\/wp-json\/wp\/v2\/comments?post=271"}],"version-history":[{"count":8,"href":"https:\/\/fondation-robmar.ch\/fr\/wp-json\/wp\/v2\/pages\/271\/revisions"}],"predecessor-version":[{"id":499,"href":"https:\/\/fondation-robmar.ch\/fr\/wp-json\/wp\/v2\/pages\/271\/revisions\/499"}],"wp:featuredmedia":[{"embeddable":true,"href":"https:\/\/fondation-robmar.ch\/fr\/wp-json\/wp\/v2\/media\/274"}],"wp:attachment":[{"href":"https:\/\/fondation-robmar.ch\/fr\/wp-json\/wp\/v2\/media?parent=271"}],"curies":[{"name":"wp","href":"https:\/\/api.w.org\/{rel}","templated":true}]}}