{"id":281,"date":"2025-11-13T17:19:31","date_gmt":"2025-11-13T15:19:31","guid":{"rendered":"https:\/\/staging.fondation-robmar.ch\/?page_id=281"},"modified":"2025-12-20T22:04:33","modified_gmt":"2025-12-20T20:04:33","slug":"medical-flair","status":"publish","type":"page","link":"https:\/\/fondation-robmar.ch\/fr\/medical-flair\/","title":{"rendered":"Flair m\u00e9dical"},"content":{"rendered":"<div class=\"wp-block-group has-global-padding is-layout-constrained wp-block-group-is-layout-constrained\">\n<figure class=\"wp-block-image aligncenter size-full is-resized has-custom-border is-style-default\"><a href=\"https:\/\/medical-flair.ch\/\" target=\"_blank\" rel=\" noreferrer noopener\"><img data-dominant-color=\"6c972e\" data-has-transparency=\"true\" alt=\"\" loading=\"lazy\" decoding=\"async\" width=\"220\" height=\"128\" sizes=\"auto, (max-width: 199px) 100vw, 199px\" src=\"https:\/\/fondation-robmar.ch\/wp-content\/uploads\/2025\/11\/logo-medical-flair-extended-e1763047049580.png\" class=\"wp-image-288 has-transparency\" style=\"--dominant-color: #6c972e; border-radius:27px;box-shadow:6px 6px 9px rgba(0, 0, 0, 0.2);object-fit:cover;width:199px;height:auto\"\/><\/a><\/figure>\n\n\n\n<p><strong>MEDICAL FLAIR<\/strong> est une association suisse \u00e0 but non lucratif fond\u00e9e en 2020, d\u00e9di\u00e9e \u00e0 la formation de chiens d'assistance sp\u00e9cialis\u00e9s dans l'alerte m\u00e9dicale, destin\u00e9s \u00e0 aider les personnes (adultes et enfants) souffrant de diab\u00e8te ou d'\u00e9pilepsie dans leur vie quotidienne.<\/p>\n\n\n\n<div class=\"wp-block-group alignwide has-global-padding is-layout-constrained wp-block-group-is-layout-constrained\">\n<figure class=\"wp-block-gallery aligncenter has-nested-images columns-3 is-cropped wp-block-gallery-1 is-layout-flex wp-block-gallery-is-layout-flex\">\n<figure class=\"wp-block-image size-medium has-custom-border is-style-default\"><img data-dominant-color=\"574b2d\" data-has-transparency=\"false\" alt=\"\" loading=\"lazy\" decoding=\"async\" width=\"1067\" height=\"1066\" sizes=\"auto, (max-width: 300px) 100vw, 300px\" data-id=\"482\" src=\"https:\/\/fondation-robmar.ch\/wp-content\/uploads\/2025\/11\/Medical-Flair1-edited.png\" class=\"wp-image-482 not-transparent\" style=\"--dominant-color: #574b2d; border-radius:15px\" srcset=\"https:\/\/fondation-robmar.ch\/wp-content\/uploads\/2025\/11\/Medical-Flair1-edited.png 1067w, https:\/\/fondation-robmar.ch\/wp-content\/uploads\/2025\/11\/Medical-Flair1-edited-300x300.png 300w, https:\/\/fondation-robmar.ch\/wp-content\/uploads\/2025\/11\/Medical-Flair1-edited-1024x1024.png 1024w, https:\/\/fondation-robmar.ch\/wp-content\/uploads\/2025\/11\/Medical-Flair1-edited-150x150.png 150w, https:\/\/fondation-robmar.ch\/wp-content\/uploads\/2025\/11\/Medical-Flair1-edited-768x767.png 768w\" \/><\/figure>\n\n\n\n<figure class=\"wp-block-image size-large has-custom-border\"><img data-dominant-color=\"6d6145\" data-has-transparency=\"false\" alt=\"\" loading=\"lazy\" decoding=\"async\" width=\"1024\" height=\"1024\" sizes=\"auto, (max-width: 768px) 100vw, 768px\" data-id=\"366\" src=\"https:\/\/fondation-robmar.ch\/wp-content\/uploads\/2025\/11\/Medical-Flair3-edited-1024x1024.png\" class=\"wp-image-366 not-transparent\" style=\"--dominant-color: #6d6145; border-radius:15px\" srcset=\"https:\/\/fondation-robmar.ch\/wp-content\/uploads\/2025\/11\/Medical-Flair3-edited-1024x1024.png 1024w, https:\/\/fondation-robmar.ch\/wp-content\/uploads\/2025\/11\/Medical-Flair3-edited-300x300.png 300w, https:\/\/fondation-robmar.ch\/wp-content\/uploads\/2025\/11\/Medical-Flair3-edited-150x150.png 150w, https:\/\/fondation-robmar.ch\/wp-content\/uploads\/2025\/11\/Medical-Flair3-edited-768x768.png 768w, https:\/\/fondation-robmar.ch\/wp-content\/uploads\/2025\/11\/Medical-Flair3-edited.png 1066w\" \/><\/figure>\n\n\n\n<figure class=\"wp-block-image size-full has-custom-border\"><img data-dominant-color=\"645a38\" data-has-transparency=\"false\" alt=\"\" loading=\"lazy\" decoding=\"async\" width=\"1066\" height=\"1066\" sizes=\"auto, (max-width: 768px) 100vw, 768px\" data-id=\"483\" src=\"https:\/\/fondation-robmar.ch\/wp-content\/uploads\/2025\/11\/Medical-Flair2-edited.png\" class=\"wp-image-483 not-transparent\" style=\"--dominant-color: #645a38; border-radius:15px\" srcset=\"https:\/\/fondation-robmar.ch\/wp-content\/uploads\/2025\/11\/Medical-Flair2-edited.png 1066w, https:\/\/fondation-robmar.ch\/wp-content\/uploads\/2025\/11\/Medical-Flair2-edited-300x300.png 300w, https:\/\/fondation-robmar.ch\/wp-content\/uploads\/2025\/11\/Medical-Flair2-edited-1024x1024.png 1024w, https:\/\/fondation-robmar.ch\/wp-content\/uploads\/2025\/11\/Medical-Flair2-edited-150x150.png 150w, https:\/\/fondation-robmar.ch\/wp-content\/uploads\/2025\/11\/Medical-Flair2-edited-768x768.png 768w\" \/><\/figure>\n<\/figure>\n<\/div>\n\n\n\n<p><strong>MEDICAL FLAIR<\/strong> fait \u0153uvre de pionnier en \u00e9duquant des chiens de famille vivant d\u00e9j\u00e0 dans leur famille ou des chiens de refuge test\u00e9s et adopt\u00e9s selon des m\u00e9thodes enti\u00e8rement fond\u00e9es sur les principes du bien-\u00eatre et de la protection des animaux qui sont directement int\u00e9gr\u00e9s dans leur protocole de base.<\/p>\n\n\n\n<div class=\"wp-block-buttons is-content-justification-center is-layout-flex wp-container-core-buttons-is-layout-a89b3969 wp-block-buttons-is-layout-flex\">\n<div class=\"wp-block-button has-custom-width wp-block-button__width-50 is-style-fill\"><a class=\"wp-block-button__link has-white-color has-text-color has-link-color wp-element-button\" href=\"https:\/\/medical-flair.ch\/\" target=\"_blank\" rel=\"noreferrer noopener\">Site web<\/a><\/div>\n<\/div>\n<\/div>","protected":false},"excerpt":{"rendered":"<p>MEDICAL FLAIR is a Swiss non-profit association founded in 2020 dedicated to training assistance dogs specializing in medical alert intended to help people (adults and children) suffering from diabetes or epilepsy in their daily life. MEDICAL FLAIR is pioneering by training family dogs already living with their family or shelter dogs that are being tested [&hellip;]<\/p>\n","protected":false},"author":1,"featured_media":283,"parent":0,"menu_order":0,"comment_status":"closed","ping_status":"closed","template":"wp-custom-template-sponsorships","meta":{"_seopress_robots_primary_cat":"","_seopress_titles_title":"","_seopress_titles_desc":"","_seopress_robots_index":"","footnotes":""},"class_list":["post-281","page","type-page","status-publish","has-post-thumbnail","hentry"],"_links":{"self":[{"href":"https:\/\/fondation-robmar.ch\/fr\/wp-json\/wp\/v2\/pages\/281","targetHints":{"allow":["GET"]}}],"collection":[{"href":"https:\/\/fondation-robmar.ch\/fr\/wp-json\/wp\/v2\/pages"}],"about":[{"href":"https:\/\/fondation-robmar.ch\/fr\/wp-json\/wp\/v2\/types\/page"}],"author":[{"embeddable":true,"href":"https:\/\/fondation-robmar.ch\/fr\/wp-json\/wp\/v2\/users\/1"}],"replies":[{"embeddable":true,"href":"https:\/\/fondation-robmar.ch\/fr\/wp-json\/wp\/v2\/comments?post=281"}],"version-history":[{"count":9,"href":"https:\/\/fondation-robmar.ch\/fr\/wp-json\/wp\/v2\/pages\/281\/revisions"}],"predecessor-version":[{"id":529,"href":"https:\/\/fondation-robmar.ch\/fr\/wp-json\/wp\/v2\/pages\/281\/revisions\/529"}],"wp:featuredmedia":[{"embeddable":true,"href":"https:\/\/fondation-robmar.ch\/fr\/wp-json\/wp\/v2\/media\/283"}],"wp:attachment":[{"href":"https:\/\/fondation-robmar.ch\/fr\/wp-json\/wp\/v2\/media?parent=281"}],"curies":[{"name":"wp","href":"https:\/\/api.w.org\/{rel}","templated":true}]}}