{"id":330,"date":"2025-11-16T17:26:44","date_gmt":"2025-11-16T15:26:44","guid":{"rendered":"https:\/\/staging.fondation-robmar.ch\/?page_id=330"},"modified":"2025-11-30T19:10:03","modified_gmt":"2025-11-30T17:10:03","slug":"fondation","status":"publish","type":"page","link":"https:\/\/fondation-robmar.ch\/fr\/fondation\/","title":{"rendered":"La Fondation"},"content":{"rendered":"<div class=\"wp-block-group has-global-padding is-layout-constrained wp-block-group-is-layout-constrained\">\n<h1 class=\"wp-block-heading has-text-align-left\">La Fondation<\/h1>\n\n\n\n<p class=\"has-text-align-left\"> La Fondation <strong><mark style=\"background-color:rgba(0, 0, 0, 0)\" class=\"has-inline-color has-custom-brand-green-color\">rob<\/mark><mark style=\"background-color:rgba(0, 0, 0, 0)\" class=\"has-inline-color has-custom-brand-red-color\">mar<\/mark><\/strong> est une organisation \u00e0 but non lucratif. Sa vocation est de conseiller et de soutenir des projets dont le fondement repose sur la relation Homme-Animal, reconnue unique depuis la nuit des temps. <\/p>\n\n\n\n<p class=\"has-text-align-left\">Ce lien est une relation dynamique entre l\u2019\u00eatre humain et l\u2019animal, qui permet \u00e0 l\u2019un comme \u00e0 l\u2019autre d\u2019exercer une influence mutuelle sur son \u00e9tat psychologique et physiologique. Cette interaction peut entra\u00eener un effet positif et durable sur un \u00eatre humain, particuli\u00e8rement en cas de maladie ou de handicap. <\/p>\n\n\n\n<p class=\"has-text-align-left translation-block\">La Fondation initie et soutient des projets <strong>d'assistance et de th\u00e9rapie<\/strong> qui dressent des animaux aux besoins et au b\u00e9n\u00e9fice des personnes malades, handicap\u00e9es ou bless\u00e9es.<\/p>\n\n\n\n<p class=\"has-text-align-left\"><strong><mark style=\"background-color:rgba(0, 0, 0, 0)\" class=\"has-inline-color has-custom-brand-green-color\">rob<\/mark><mark style=\"background-color:rgba(0, 0, 0, 0)\" class=\"has-inline-color has-custom-brand-red-color\">mar<\/mark><\/strong> a \u00e9galement \u00e0 c\u0153ur de promouvoir la sensibilisation du grand public aux progr\u00e8s r\u00e9alis\u00e9s sur la th\u00e9matique de la relation Homme-Animal. <\/p>\n\n\n\n<hr class=\"wp-block-separator has-alpha-channel-opacity\"\/>\n\n\n\n<h1 class=\"wp-block-heading has-text-align-center has-large-font-size\">Conseil de Fondation <\/h1>\n\n\n\n<p class=\"has-text-align-center\"><strong>Marie-Christine Jaeger-Firmenich<\/strong>, Pr\u00e9sidente <br><strong>Urs Jaeger<\/strong>, Vice-Pr\u00e9sident <br><strong>Christophe Lombard<\/strong>, Membre <br><strong>Iain J. Morgan<\/strong>, Membre <br><strong>Barbara Pinguely<\/strong>, Membre &amp; Secr\u00e9taire <br><strong>Peter Wade<\/strong>, Membre<\/p>\n\n\n\n<hr class=\"wp-block-separator has-alpha-channel-opacity\"\/>\n<\/div>","protected":false},"excerpt":{"rendered":"<p>The Foundation The robmar Foundation is a non-profit organization. Its purpose is to provide guidance and support for projects that have at their nucleus the Human-Animal bond, namely the unique relationship between humans and animals existing since the dawn of civilization. The Human-Animal bond is the dynamic relationship between people and animals, where each can [&hellip;]<\/p>\n","protected":false},"author":1,"featured_media":237,"parent":0,"menu_order":2,"comment_status":"closed","ping_status":"closed","template":"","meta":{"_seopress_robots_primary_cat":"","_seopress_titles_title":"","_seopress_titles_desc":"","_seopress_robots_index":"","footnotes":""},"class_list":["post-330","page","type-page","status-publish","has-post-thumbnail","hentry"],"_links":{"self":[{"href":"https:\/\/fondation-robmar.ch\/fr\/wp-json\/wp\/v2\/pages\/330","targetHints":{"allow":["GET"]}}],"collection":[{"href":"https:\/\/fondation-robmar.ch\/fr\/wp-json\/wp\/v2\/pages"}],"about":[{"href":"https:\/\/fondation-robmar.ch\/fr\/wp-json\/wp\/v2\/types\/page"}],"author":[{"embeddable":true,"href":"https:\/\/fondation-robmar.ch\/fr\/wp-json\/wp\/v2\/users\/1"}],"replies":[{"embeddable":true,"href":"https:\/\/fondation-robmar.ch\/fr\/wp-json\/wp\/v2\/comments?post=330"}],"version-history":[{"count":5,"href":"https:\/\/fondation-robmar.ch\/fr\/wp-json\/wp\/v2\/pages\/330\/revisions"}],"predecessor-version":[{"id":502,"href":"https:\/\/fondation-robmar.ch\/fr\/wp-json\/wp\/v2\/pages\/330\/revisions\/502"}],"wp:featuredmedia":[{"embeddable":true,"href":"https:\/\/fondation-robmar.ch\/fr\/wp-json\/wp\/v2\/media\/237"}],"wp:attachment":[{"href":"https:\/\/fondation-robmar.ch\/fr\/wp-json\/wp\/v2\/media?parent=330"}],"curies":[{"name":"wp","href":"https:\/\/api.w.org\/{rel}","templated":true}]}}